{"id":429,"date":"2023-03-18T12:31:08","date_gmt":"2023-03-18T12:31:08","guid":{"rendered":"https:\/\/gabrielasilvapsicologa.com.br\/?page_id=429"},"modified":"2025-01-22T14:53:25","modified_gmt":"2025-01-22T14:53:25","slug":"psicoterapia-on-line-individual-para-adultos","status":"publish","type":"page","link":"https:\/\/gabrielasilvapsicologa.com.br\/?page_id=429","title":{"rendered":"Psicoterapia on-line individual para adultos"},"content":{"rendered":"\t\t<div data-elementor-type=\"wp-page\" data-elementor-id=\"429\" class=\"elementor elementor-429\">\n\t\t\t\t\t\t\t\t\t<section class=\"elementor-section elementor-top-section elementor-element elementor-element-bd3fb37 elementor-section-height-min-height elementor-section-boxed elementor-section-height-default elementor-section-items-middle\" data-id=\"bd3fb37\" data-element_type=\"section\" data-settings=\"{&quot;background_background&quot;:&quot;classic&quot;}\">\n\t\t\t\t\t\t<div class=\"elementor-container elementor-column-gap-custom\">\n\t\t\t\t\t<div class=\"elementor-column elementor-col-50 elementor-top-column elementor-element elementor-element-4eda621\" data-id=\"4eda621\" data-element_type=\"column\">\n\t\t\t<div class=\"elementor-widget-wrap elementor-element-populated\">\n\t\t\t\t\t\t\t\t<div class=\"elementor-element elementor-element-180fb9d elementor-widget elementor-widget-heading\" data-id=\"180fb9d\" data-element_type=\"widget\" data-widget_type=\"heading.default\">\n\t\t\t\t<div class=\"elementor-widget-container\">\n\t\t\t<style>\/*! elementor - v3.12.1 - 02-04-2023 *\/\n.elementor-heading-title{padding:0;margin:0;line-height:1}.elementor-widget-heading .elementor-heading-title[class*=elementor-size-]>a{color:inherit;font-size:inherit;line-height:inherit}.elementor-widget-heading .elementor-heading-title.elementor-size-small{font-size:15px}.elementor-widget-heading .elementor-heading-title.elementor-size-medium{font-size:19px}.elementor-widget-heading .elementor-heading-title.elementor-size-large{font-size:29px}.elementor-widget-heading .elementor-heading-title.elementor-size-xl{font-size:39px}.elementor-widget-heading .elementor-heading-title.elementor-size-xxl{font-size:59px}<\/style><h2 class=\"elementor-heading-title elementor-size-default\">SERVI\u00c7OS<\/h2>\t\t<\/div>\n\t\t\t\t<\/div>\n\t\t\t\t<div class=\"elementor-element elementor-element-bd9977d elementor-widget elementor-widget-heading\" data-id=\"bd9977d\" data-element_type=\"widget\" data-widget_type=\"heading.default\">\n\t\t\t\t<div class=\"elementor-widget-container\">\n\t\t\t<h2 class=\"elementor-heading-title elementor-size-default\">Psicoterapia on-line individual para adultos<\/h2>\t\t<\/div>\n\t\t\t\t<\/div>\n\t\t\t\t<div class=\"elementor-element elementor-element-13a59d6 elementor-widget elementor-widget-heading\" data-id=\"13a59d6\" data-element_type=\"widget\" data-widget_type=\"heading.default\">\n\t\t\t\t<div class=\"elementor-widget-container\">\n\t\t\t<h2 class=\"elementor-heading-title elementor-size-default\">Que bom que voc\u00ea est\u00e1 aqui! Descubra o caminho para uma vida mais <b>equilibrada<\/b> e <b>plena<\/b> atrav\u00e9s da psicoterapia. Nesse espa\u00e7o de <b>escuta emp\u00e1tica<\/b> e <b>acolhimento<\/b> <b>sem julgamentos<\/b>, voc\u00ea encontrar\u00e1 a oportunidade de explorar suas emo\u00e7\u00f5es mais profundas e superar desafios pessoais.\n<br><br>\nCom sess\u00f5es individuais online, ofere\u00e7o um ambiente seguro e confidencial para que voc\u00ea possa se sentir \u00e0 vontade para compartilhar suas experi\u00eancias e buscar os melhores caminhos atrav\u00e9s do seu autoconhecimento.<\/h2>\t\t<\/div>\n\t\t\t\t<\/div>\n\t\t\t\t<div class=\"elementor-element elementor-element-dfd3a0e animated-slow botao elementor-invisible elementor-widget elementor-widget-button\" data-id=\"dfd3a0e\" data-element_type=\"widget\" data-settings=\"{&quot;_animation&quot;:&quot;slideInUp&quot;}\" data-widget_type=\"button.default\">\n\t\t\t\t<div class=\"elementor-widget-container\">\n\t\t\t\t\t<div class=\"elementor-button-wrapper\">\n\t\t\t<a href=\"https:\/\/wa.me\/5511947633436?text=Ol%C3%A1%2C+gostaria+de+marcar+uma+consulta.+\" class=\"elementor-button-link elementor-button elementor-size-sm\" role=\"button\">\n\t\t\t\t\t\t<span class=\"elementor-button-content-wrapper\">\n\t\t\t\t\t\t\t<span class=\"elementor-button-icon elementor-align-icon-right\">\n\t\t\t\t<i aria-hidden=\"true\" class=\"fab fa-whatsapp\"><\/i>\t\t\t<\/span>\n\t\t\t\t\t\t<span class=\"elementor-button-text\">Quero agendar uma consulta<\/span>\n\t\t<\/span>\n\t\t\t\t\t<\/a>\n\t\t<\/div>\n\t\t\t\t<\/div>\n\t\t\t\t<\/div>\n\t\t\t\t\t<\/div>\n\t\t<\/div>\n\t\t\t\t<div class=\"elementor-column elementor-col-50 elementor-top-column elementor-element elementor-element-0a93d38\" data-id=\"0a93d38\" data-element_type=\"column\" data-settings=\"{&quot;animation&quot;:&quot;none&quot;}\">\n\t\t\t<div class=\"elementor-widget-wrap elementor-element-populated\">\n\t\t\t\t\t\t\t\t<div class=\"elementor-element elementor-element-3afb45d elementor-widget elementor-widget-image\" data-id=\"3afb45d\" data-element_type=\"widget\" data-settings=\"{&quot;_animation&quot;:&quot;none&quot;}\" data-widget_type=\"image.default\">\n\t\t\t\t<div class=\"elementor-widget-container\">\n\t\t\t<style>\/*! elementor - v3.12.1 - 02-04-2023 *\/\n.elementor-widget-image{text-align:center}.elementor-widget-image a{display:inline-block}.elementor-widget-image a img[src$=\".svg\"]{width:48px}.elementor-widget-image img{vertical-align:middle;display:inline-block}<\/style>\t\t\t\t\t\t\t\t\t\t\t\t<img loading=\"lazy\" decoding=\"async\" width=\"563\" height=\"663\" src=\"https:\/\/gabrielasilvapsicologa.com.br\/wp-content\/uploads\/2023\/03\/anotacoes.jpg\" class=\"attachment-full size-full wp-image-255\" alt=\"\" srcset=\"https:\/\/gabrielasilvapsicologa.com.br\/wp-content\/uploads\/2023\/03\/anotacoes.jpg 563w, https:\/\/gabrielasilvapsicologa.com.br\/wp-content\/uploads\/2023\/03\/anotacoes-255x300.jpg 255w\" sizes=\"auto, (max-width: 563px) 100vw, 563px\" \/>\t\t\t\t\t\t\t\t\t\t\t\t\t\t\t<\/div>\n\t\t\t\t<\/div>\n\t\t\t\t<div class=\"elementor-element elementor-element-5f84a8d elementor-widget elementor-widget-image\" data-id=\"5f84a8d\" data-element_type=\"widget\" data-settings=\"{&quot;_animation&quot;:&quot;none&quot;,&quot;_animation_delay&quot;:200}\" data-widget_type=\"image.default\">\n\t\t\t\t<div class=\"elementor-widget-container\">\n\t\t\t\t\t\t\t\t\t\t\t\t\t\t\t<img loading=\"lazy\" decoding=\"async\" width=\"1152\" height=\"768\" src=\"https:\/\/gabrielasilvapsicologa.com.br\/wp-content\/uploads\/2023\/03\/adulta-no-pc.jpg\" class=\"attachment-full size-full wp-image-254\" alt=\"\" srcset=\"https:\/\/gabrielasilvapsicologa.com.br\/wp-content\/uploads\/2023\/03\/adulta-no-pc.jpg 1152w, https:\/\/gabrielasilvapsicologa.com.br\/wp-content\/uploads\/2023\/03\/adulta-no-pc-300x200.jpg 300w, https:\/\/gabrielasilvapsicologa.com.br\/wp-content\/uploads\/2023\/03\/adulta-no-pc-1024x683.jpg 1024w, https:\/\/gabrielasilvapsicologa.com.br\/wp-content\/uploads\/2023\/03\/adulta-no-pc-768x512.jpg 768w\" sizes=\"auto, (max-width: 1152px) 100vw, 1152px\" \/>\t\t\t\t\t\t\t\t\t\t\t\t\t\t\t<\/div>\n\t\t\t\t<\/div>\n\t\t\t\t<div class=\"elementor-element elementor-element-7af8da3 elementor-absolute elementor-widget elementor-widget-image\" data-id=\"7af8da3\" data-element_type=\"widget\" data-settings=\"{&quot;_position&quot;:&quot;absolute&quot;}\" data-widget_type=\"image.default\">\n\t\t\t\t<div class=\"elementor-widget-container\">\n\t\t\t\t\t\t\t\t\t\t\t\t\t\t\t<img loading=\"lazy\" decoding=\"async\" width=\"400\" height=\"400\" src=\"https:\/\/gabrielasilvapsicologa.com.br\/wp-content\/uploads\/2023\/03\/Sem-Titulo-4.png\" class=\"attachment-large size-large wp-image-106\" alt=\"\" srcset=\"https:\/\/gabrielasilvapsicologa.com.br\/wp-content\/uploads\/2023\/03\/Sem-Titulo-4.png 400w, https:\/\/gabrielasilvapsicologa.com.br\/wp-content\/uploads\/2023\/03\/Sem-Titulo-4-300x300.png 300w, https:\/\/gabrielasilvapsicologa.com.br\/wp-content\/uploads\/2023\/03\/Sem-Titulo-4-150x150.png 150w, https:\/\/gabrielasilvapsicologa.com.br\/wp-content\/uploads\/2023\/03\/elementor\/thumbs\/Sem-Titulo-4-150x150.png 1000w\" sizes=\"auto, (max-width: 400px) 100vw, 400px\" \/>\t\t\t\t\t\t\t\t\t\t\t\t\t\t\t<\/div>\n\t\t\t\t<\/div>\n\t\t\t\t\t<\/div>\n\t\t<\/div>\n\t\t\t\t\t\t\t<\/div>\n\t\t<\/section>\n\t\t\t\t<section class=\"elementor-section elementor-top-section elementor-element elementor-element-aee817f elementor-section-content-middle elementor-section-boxed elementor-section-height-default elementor-section-height-default\" data-id=\"aee817f\" data-element_type=\"section\" data-settings=\"{&quot;background_background&quot;:&quot;classic&quot;}\">\n\t\t\t\t\t\t<div class=\"elementor-container elementor-column-gap-default\">\n\t\t\t\t\t<div class=\"elementor-column elementor-col-50 elementor-top-column elementor-element elementor-element-fa5c747 card\" data-id=\"fa5c747\" data-element_type=\"column\" data-settings=\"{&quot;background_background&quot;:&quot;classic&quot;}\">\n\t\t\t<div class=\"elementor-widget-wrap elementor-element-populated\">\n\t\t\t\t\t\t\t\t<div class=\"elementor-element elementor-element-64ae486 elementor-widget elementor-widget-heading\" data-id=\"64ae486\" data-element_type=\"widget\" data-widget_type=\"heading.default\">\n\t\t\t\t<div class=\"elementor-widget-container\">\n\t\t\t<h2 class=\"elementor-heading-title elementor-size-default\">E quando procurar ajuda?<\/h2>\t\t<\/div>\n\t\t\t\t<\/div>\n\t\t\t\t<div class=\"elementor-element elementor-element-0f5ba12 elementor-widget elementor-widget-heading\" data-id=\"0f5ba12\" data-element_type=\"widget\" data-widget_type=\"heading.default\">\n\t\t\t\t<div class=\"elementor-widget-container\">\n\t\t\t<h2 class=\"elementor-heading-title elementor-size-default\">Quando qualquer tipo de sofrimento atrapalhar sua qualidade de vida de alguma forma. A psicoterapia ser\u00e1 uma ferramenta que vai te ajudar a entender suas emo\u00e7\u00f5es, sentimentos e ressignific\u00e1-los.\n<br><br>\nCada pessoa \u00e9 \u00fanica e lida com seus problemas da sua maneira. Ter um espa\u00e7o e contar com ajuda profissional para encontrar um caminho ajuda a deixar o processo mais leve.<\/h2>\t\t<\/div>\n\t\t\t\t<\/div>\n\t\t\t\t\t<\/div>\n\t\t<\/div>\n\t\t\t\t<div class=\"elementor-column elementor-col-50 elementor-top-column elementor-element elementor-element-825655d card\" data-id=\"825655d\" data-element_type=\"column\" data-settings=\"{&quot;background_background&quot;:&quot;classic&quot;}\">\n\t\t\t<div class=\"elementor-widget-wrap elementor-element-populated\">\n\t\t\t\t\t\t\t\t<div class=\"elementor-element elementor-element-ac6ff64 elementor-align-right animated-slow botao elementor-invisible elementor-widget elementor-widget-button\" data-id=\"ac6ff64\" data-element_type=\"widget\" data-settings=\"{&quot;_animation&quot;:&quot;slideInUp&quot;}\" data-widget_type=\"button.default\">\n\t\t\t\t<div class=\"elementor-widget-container\">\n\t\t\t\t\t<div class=\"elementor-button-wrapper\">\n\t\t\t<a href=\"https:\/\/wa.me\/5511947633436?text=Ol%C3%A1%2C+gostaria+de+marcar+uma+consulta.+\" class=\"elementor-button-link elementor-button elementor-size-sm\" role=\"button\">\n\t\t\t\t\t\t<span class=\"elementor-button-content-wrapper\">\n\t\t\t\t\t\t\t<span class=\"elementor-button-icon elementor-align-icon-right\">\n\t\t\t\t<i aria-hidden=\"true\" class=\"fab fa-whatsapp\"><\/i>\t\t\t<\/span>\n\t\t\t\t\t\t<span class=\"elementor-button-text\">Quero agendar uma consulta<\/span>\n\t\t<\/span>\n\t\t\t\t\t<\/a>\n\t\t<\/div>\n\t\t\t\t<\/div>\n\t\t\t\t<\/div>\n\t\t\t\t\t<\/div>\n\t\t<\/div>\n\t\t\t\t\t\t\t<\/div>\n\t\t<\/section>\n\t\t\t\t\t\t\t<\/div>\n\t\t","protected":false},"excerpt":{"rendered":"<p>SERVI\u00c7OS Psicoterapia on-line individual para adultos Que bom que voc\u00ea est\u00e1 aqui! Descubra o caminho para uma vida mais equilibrada e plena atrav\u00e9s da psicoterapia. Nesse espa\u00e7o de escuta emp\u00e1tica e acolhimento sem julgamentos, voc\u00ea encontrar\u00e1 a oportunidade de explorar suas emo\u00e7\u00f5es mais profundas e superar desafios pessoais. Com sess\u00f5es individuais online, ofere\u00e7o um ambiente [&hellip;]<\/p>\n","protected":false},"author":2,"featured_media":0,"parent":0,"menu_order":0,"comment_status":"closed","ping_status":"closed","template":"","meta":{"footnotes":""},"class_list":["post-429","page","type-page","status-publish","hentry"],"_links":{"self":[{"href":"https:\/\/gabrielasilvapsicologa.com.br\/index.php?rest_route=\/wp\/v2\/pages\/429","targetHints":{"allow":["GET"]}}],"collection":[{"href":"https:\/\/gabrielasilvapsicologa.com.br\/index.php?rest_route=\/wp\/v2\/pages"}],"about":[{"href":"https:\/\/gabrielasilvapsicologa.com.br\/index.php?rest_route=\/wp\/v2\/types\/page"}],"author":[{"embeddable":true,"href":"https:\/\/gabrielasilvapsicologa.com.br\/index.php?rest_route=\/wp\/v2\/users\/2"}],"replies":[{"embeddable":true,"href":"https:\/\/gabrielasilvapsicologa.com.br\/index.php?rest_route=%2Fwp%2Fv2%2Fcomments&post=429"}],"version-history":[{"count":58,"href":"https:\/\/gabrielasilvapsicologa.com.br\/index.php?rest_route=\/wp\/v2\/pages\/429\/revisions"}],"predecessor-version":[{"id":1137,"href":"https:\/\/gabrielasilvapsicologa.com.br\/index.php?rest_route=\/wp\/v2\/pages\/429\/revisions\/1137"}],"wp:attachment":[{"href":"https:\/\/gabrielasilvapsicologa.com.br\/index.php?rest_route=%2Fwp%2Fv2%2Fmedia&parent=429"}],"curies":[{"name":"wp","href":"https:\/\/api.w.org\/{rel}","templated":true}]}}