{"id":437,"date":"2023-03-18T12:32:53","date_gmt":"2023-03-18T12:32:53","guid":{"rendered":"https:\/\/gabrielasilvapsicologa.com.br\/?page_id=437"},"modified":"2025-01-22T14:48:01","modified_gmt":"2025-01-22T14:48:01","slug":"psicoterapia-on-line-individual-para-adolescentes","status":"publish","type":"page","link":"https:\/\/gabrielasilvapsicologa.com.br\/?page_id=437","title":{"rendered":"Psicoterapia on-line individual para adolescentes"},"content":{"rendered":"\t\t<div data-elementor-type=\"wp-page\" data-elementor-id=\"437\" class=\"elementor elementor-437\">\n\t\t\t\t\t\t\t\t\t<section class=\"elementor-section elementor-top-section elementor-element elementor-element-a6191df elementor-section-height-min-height elementor-reverse-mobile elementor-section-boxed elementor-section-height-default elementor-section-items-middle\" data-id=\"a6191df\" data-element_type=\"section\" data-settings=\"{&quot;background_background&quot;:&quot;classic&quot;}\">\n\t\t\t\t\t\t<div class=\"elementor-container elementor-column-gap-custom\">\n\t\t\t\t\t<div class=\"elementor-column elementor-col-50 elementor-top-column elementor-element elementor-element-1a54083\" data-id=\"1a54083\" data-element_type=\"column\" data-settings=\"{&quot;animation&quot;:&quot;none&quot;}\">\n\t\t\t<div class=\"elementor-widget-wrap elementor-element-populated\">\n\t\t\t\t\t\t\t\t<div class=\"elementor-element elementor-element-f65ad89 elementor-widget elementor-widget-image\" data-id=\"f65ad89\" data-element_type=\"widget\" data-settings=\"{&quot;_animation&quot;:&quot;none&quot;}\" data-widget_type=\"image.default\">\n\t\t\t\t<div class=\"elementor-widget-container\">\n\t\t\t<style>\/*! elementor - v3.12.1 - 02-04-2023 *\/\n.elementor-widget-image{text-align:center}.elementor-widget-image a{display:inline-block}.elementor-widget-image a img[src$=\".svg\"]{width:48px}.elementor-widget-image img{vertical-align:middle;display:inline-block}<\/style>\t\t\t\t\t\t\t\t\t\t\t\t<img loading=\"lazy\" decoding=\"async\" width=\"1152\" height=\"768\" src=\"https:\/\/gabrielasilvapsicologa.com.br\/wp-content\/uploads\/2023\/03\/adolescene-Medio.jpg\" class=\"attachment-full size-full wp-image-246\" alt=\"\" srcset=\"https:\/\/gabrielasilvapsicologa.com.br\/wp-content\/uploads\/2023\/03\/adolescene-Medio.jpg 1152w, https:\/\/gabrielasilvapsicologa.com.br\/wp-content\/uploads\/2023\/03\/adolescene-Medio-300x200.jpg 300w, https:\/\/gabrielasilvapsicologa.com.br\/wp-content\/uploads\/2023\/03\/adolescene-Medio-1024x683.jpg 1024w, https:\/\/gabrielasilvapsicologa.com.br\/wp-content\/uploads\/2023\/03\/adolescene-Medio-768x512.jpg 768w\" sizes=\"auto, (max-width: 1152px) 100vw, 1152px\" \/>\t\t\t\t\t\t\t\t\t\t\t\t\t\t\t<\/div>\n\t\t\t\t<\/div>\n\t\t\t\t<div class=\"elementor-element elementor-element-f3e6c43 elementor-widget elementor-widget-image\" data-id=\"f3e6c43\" data-element_type=\"widget\" data-settings=\"{&quot;_animation&quot;:&quot;none&quot;,&quot;_animation_delay&quot;:200}\" data-widget_type=\"image.default\">\n\t\t\t\t<div class=\"elementor-widget-container\">\n\t\t\t\t\t\t\t\t\t\t\t\t\t\t\t<img loading=\"lazy\" decoding=\"async\" width=\"614\" height=\"768\" src=\"https:\/\/gabrielasilvapsicologa.com.br\/wp-content\/uploads\/2023\/03\/adolescente-Grande.jpg\" class=\"attachment-full size-full wp-image-131\" alt=\"\" srcset=\"https:\/\/gabrielasilvapsicologa.com.br\/wp-content\/uploads\/2023\/03\/adolescente-Grande.jpg 614w, https:\/\/gabrielasilvapsicologa.com.br\/wp-content\/uploads\/2023\/03\/adolescente-Grande-240x300.jpg 240w\" sizes=\"auto, (max-width: 614px) 100vw, 614px\" \/>\t\t\t\t\t\t\t\t\t\t\t\t\t\t\t<\/div>\n\t\t\t\t<\/div>\n\t\t\t\t<div class=\"elementor-element elementor-element-ab12e55 elementor-absolute elementor-widget__width-initial elementor-widget elementor-widget-image\" data-id=\"ab12e55\" data-element_type=\"widget\" data-settings=\"{&quot;_position&quot;:&quot;absolute&quot;,&quot;_animation&quot;:&quot;none&quot;,&quot;_animation_delay&quot;:400}\" data-widget_type=\"image.default\">\n\t\t\t\t<div class=\"elementor-widget-container\">\n\t\t\t\t\t\t\t\t\t\t\t\t\t\t\t<img loading=\"lazy\" decoding=\"async\" width=\"400\" height=\"400\" src=\"https:\/\/gabrielasilvapsicologa.com.br\/wp-content\/uploads\/2023\/03\/Sem-Titulo-4.png\" class=\"attachment-large size-large wp-image-106\" alt=\"\" srcset=\"https:\/\/gabrielasilvapsicologa.com.br\/wp-content\/uploads\/2023\/03\/Sem-Titulo-4.png 400w, https:\/\/gabrielasilvapsicologa.com.br\/wp-content\/uploads\/2023\/03\/Sem-Titulo-4-300x300.png 300w, https:\/\/gabrielasilvapsicologa.com.br\/wp-content\/uploads\/2023\/03\/Sem-Titulo-4-150x150.png 150w, https:\/\/gabrielasilvapsicologa.com.br\/wp-content\/uploads\/2023\/03\/elementor\/thumbs\/Sem-Titulo-4-150x150.png 1000w\" sizes=\"auto, (max-width: 400px) 100vw, 400px\" \/>\t\t\t\t\t\t\t\t\t\t\t\t\t\t\t<\/div>\n\t\t\t\t<\/div>\n\t\t\t\t\t<\/div>\n\t\t<\/div>\n\t\t\t\t<div class=\"elementor-column elementor-col-50 elementor-top-column elementor-element elementor-element-02f2c4b\" data-id=\"02f2c4b\" data-element_type=\"column\">\n\t\t\t<div class=\"elementor-widget-wrap elementor-element-populated\">\n\t\t\t\t\t\t\t\t<div class=\"elementor-element elementor-element-1d8b996 elementor-widget elementor-widget-heading\" data-id=\"1d8b996\" data-element_type=\"widget\" data-widget_type=\"heading.default\">\n\t\t\t\t<div class=\"elementor-widget-container\">\n\t\t\t<style>\/*! elementor - v3.12.1 - 02-04-2023 *\/\n.elementor-heading-title{padding:0;margin:0;line-height:1}.elementor-widget-heading .elementor-heading-title[class*=elementor-size-]>a{color:inherit;font-size:inherit;line-height:inherit}.elementor-widget-heading .elementor-heading-title.elementor-size-small{font-size:15px}.elementor-widget-heading .elementor-heading-title.elementor-size-medium{font-size:19px}.elementor-widget-heading .elementor-heading-title.elementor-size-large{font-size:29px}.elementor-widget-heading .elementor-heading-title.elementor-size-xl{font-size:39px}.elementor-widget-heading .elementor-heading-title.elementor-size-xxl{font-size:59px}<\/style><h2 class=\"elementor-heading-title elementor-size-default\">SERVI\u00c7OS<\/h2>\t\t<\/div>\n\t\t\t\t<\/div>\n\t\t\t\t<div class=\"elementor-element elementor-element-a3ee9d7 elementor-widget elementor-widget-heading\" data-id=\"a3ee9d7\" data-element_type=\"widget\" data-widget_type=\"heading.default\">\n\t\t\t\t<div class=\"elementor-widget-container\">\n\t\t\t<h2 class=\"elementor-heading-title elementor-size-default\">Psicoterapia on-line individual para adolescentes<\/h2>\t\t<\/div>\n\t\t\t\t<\/div>\n\t\t\t\t<div class=\"elementor-element elementor-element-2e73e92 elementor-widget elementor-widget-heading\" data-id=\"2e73e92\" data-element_type=\"widget\" data-widget_type=\"heading.default\">\n\t\t\t\t<div class=\"elementor-widget-container\">\n\t\t\t<h2 class=\"elementor-heading-title elementor-size-default\">Que bom que voc\u00ea est\u00e1 aqui! A adolesc\u00eancia pode ser uma fase repleta de desafios para pais e filhos. \u00c9 uma fase de <b>descobertas<\/b>, <b>mudan\u00e7as<\/b> e <b>desafios emocionais intensos<\/b>. Nesse per\u00edodo crucial, a psicoterapia online oferece um <b>apoio <\/b>valioso para seus filhos adolescentes.\n<br><br>\nNa psicoterapia, seus filhos encontrar\u00e3o um espa\u00e7o seguro para explorar e entender seus sentimentos, compreender seus desafios e desenvolver habilidades para lidar com as press\u00f5es da vida. Com o <b>autoconhecimento<\/b>, eles aprender\u00e3o a comunicar suas emo\u00e7\u00f5es, ang\u00fastias, desejos, expectativas e conflitos. E tamb\u00e9m a construir relacionamentos saud\u00e1veis e enfrentar os desafios para uma vida adulta mais plena.\n<br><br>\nO v\u00ednculo entre terapeuta e paciente \u00e9 a base dessa jornada de autodescoberta e transforma\u00e7\u00e3o. Ao oferecer um <b>espa\u00e7o seguro <\/b> e <b>neutro<\/b> de acolhimento e <b>escuta qualificada<\/b>, a psicoterapia proporciona apoio essencial durante esse per\u00edodo de intensas transforma\u00e7\u00f5es e descobertas.\n<\/h2>\t\t<\/div>\n\t\t\t\t<\/div>\n\t\t\t\t<div class=\"elementor-element elementor-element-4bab158 animated-slow elementor-invisible elementor-widget elementor-widget-button\" data-id=\"4bab158\" data-element_type=\"widget\" data-settings=\"{&quot;_animation&quot;:&quot;slideInUp&quot;}\" data-widget_type=\"button.default\">\n\t\t\t\t<div class=\"elementor-widget-container\">\n\t\t\t\t\t<div class=\"elementor-button-wrapper\">\n\t\t\t<a href=\"https:\/\/wa.me\/5511947633436?text=Ol%C3%A1%2C+gostaria+de+marcar+uma+consulta.+\" class=\"elementor-button-link elementor-button elementor-size-sm\" role=\"button\">\n\t\t\t\t\t\t<span class=\"elementor-button-content-wrapper\">\n\t\t\t\t\t\t\t<span class=\"elementor-button-icon elementor-align-icon-right\">\n\t\t\t\t<i aria-hidden=\"true\" class=\"fab fa-whatsapp\"><\/i>\t\t\t<\/span>\n\t\t\t\t\t\t<span class=\"elementor-button-text\">Quero agendar uma consulta<\/span>\n\t\t<\/span>\n\t\t\t\t\t<\/a>\n\t\t<\/div>\n\t\t\t\t<\/div>\n\t\t\t\t<\/div>\n\t\t\t\t\t<\/div>\n\t\t<\/div>\n\t\t\t\t\t\t\t<\/div>\n\t\t<\/section>\n\t\t\t\t<section class=\"elementor-section elementor-top-section elementor-element elementor-element-fc3800e elementor-section-content-middle elementor-section-boxed elementor-section-height-default elementor-section-height-default\" data-id=\"fc3800e\" data-element_type=\"section\" data-settings=\"{&quot;background_background&quot;:&quot;classic&quot;}\">\n\t\t\t\t\t\t<div class=\"elementor-container elementor-column-gap-default\">\n\t\t\t\t\t<div class=\"elementor-column elementor-col-50 elementor-top-column elementor-element elementor-element-4b06e5d card\" data-id=\"4b06e5d\" data-element_type=\"column\" data-settings=\"{&quot;background_background&quot;:&quot;classic&quot;}\">\n\t\t\t<div class=\"elementor-widget-wrap elementor-element-populated\">\n\t\t\t\t\t\t\t\t<div class=\"elementor-element elementor-element-83ec926 elementor-widget elementor-widget-heading\" data-id=\"83ec926\" data-element_type=\"widget\" data-widget_type=\"heading.default\">\n\t\t\t\t<div class=\"elementor-widget-container\">\n\t\t\t<h2 class=\"elementor-heading-title elementor-size-default\">E quando procurar ajuda?<\/h2>\t\t<\/div>\n\t\t\t\t<\/div>\n\t\t\t\t<div class=\"elementor-element elementor-element-7a28056 elementor-widget elementor-widget-heading\" data-id=\"7a28056\" data-element_type=\"widget\" data-widget_type=\"heading.default\">\n\t\t\t\t<div class=\"elementor-widget-container\">\n\t\t\t<h2 class=\"elementor-heading-title elementor-size-default\">Quando qualquer tipo de sofrimento atrapalhar a qualidade de vida de alguma forma. A terapia ser\u00e1 uma ferramenta que vai ajudar a entender as emo\u00e7\u00f5es, sentimentos e ressignific\u00e1-los.\n<br><br>\nCada pessoa \u00e9 \u00fanica e lida com seus problemas da sua maneira. Ter um espa\u00e7o e contar com ajuda profissional para encontrar o caminho ajuda a deixar o processo mais leve. \n<br><br><\/h2>\t\t<\/div>\n\t\t\t\t<\/div>\n\t\t\t\t\t<\/div>\n\t\t<\/div>\n\t\t\t\t<div class=\"elementor-column elementor-col-50 elementor-top-column elementor-element elementor-element-6022ed3 card\" data-id=\"6022ed3\" data-element_type=\"column\" data-settings=\"{&quot;background_background&quot;:&quot;classic&quot;}\">\n\t\t\t<div class=\"elementor-widget-wrap elementor-element-populated\">\n\t\t\t\t\t\t\t\t<div class=\"elementor-element elementor-element-2e4e3a6 elementor-align-right animated-slow elementor-invisible elementor-widget elementor-widget-button\" data-id=\"2e4e3a6\" data-element_type=\"widget\" data-settings=\"{&quot;_animation&quot;:&quot;slideInUp&quot;}\" data-widget_type=\"button.default\">\n\t\t\t\t<div class=\"elementor-widget-container\">\n\t\t\t\t\t<div class=\"elementor-button-wrapper\">\n\t\t\t<a href=\"https:\/\/wa.me\/5511947633436?text=Ol%C3%A1%2C+gostaria+de+marcar+uma+consulta.+\" class=\"elementor-button-link elementor-button elementor-size-sm\" role=\"button\">\n\t\t\t\t\t\t<span class=\"elementor-button-content-wrapper\">\n\t\t\t\t\t\t\t<span class=\"elementor-button-icon elementor-align-icon-right\">\n\t\t\t\t<i aria-hidden=\"true\" class=\"fab fa-whatsapp\"><\/i>\t\t\t<\/span>\n\t\t\t\t\t\t<span class=\"elementor-button-text\">Quero agendar uma consulta<\/span>\n\t\t<\/span>\n\t\t\t\t\t<\/a>\n\t\t<\/div>\n\t\t\t\t<\/div>\n\t\t\t\t<\/div>\n\t\t\t\t\t<\/div>\n\t\t<\/div>\n\t\t\t\t\t\t\t<\/div>\n\t\t<\/section>\n\t\t\t\t\t\t\t<\/div>\n\t\t","protected":false},"excerpt":{"rendered":"<p>SERVI\u00c7OS Psicoterapia on-line individual para adolescentes Que bom que voc\u00ea est\u00e1 aqui! A adolesc\u00eancia pode ser uma fase repleta de desafios para pais e filhos. \u00c9 uma fase de descobertas, mudan\u00e7as e desafios emocionais intensos. Nesse per\u00edodo crucial, a psicoterapia online oferece um apoio valioso para seus filhos adolescentes. Na psicoterapia, seus filhos encontrar\u00e3o um [&hellip;]<\/p>\n","protected":false},"author":2,"featured_media":0,"parent":0,"menu_order":0,"comment_status":"closed","ping_status":"closed","template":"","meta":{"footnotes":""},"class_list":["post-437","page","type-page","status-publish","hentry"],"_links":{"self":[{"href":"https:\/\/gabrielasilvapsicologa.com.br\/index.php?rest_route=\/wp\/v2\/pages\/437","targetHints":{"allow":["GET"]}}],"collection":[{"href":"https:\/\/gabrielasilvapsicologa.com.br\/index.php?rest_route=\/wp\/v2\/pages"}],"about":[{"href":"https:\/\/gabrielasilvapsicologa.com.br\/index.php?rest_route=\/wp\/v2\/types\/page"}],"author":[{"embeddable":true,"href":"https:\/\/gabrielasilvapsicologa.com.br\/index.php?rest_route=\/wp\/v2\/users\/2"}],"replies":[{"embeddable":true,"href":"https:\/\/gabrielasilvapsicologa.com.br\/index.php?rest_route=%2Fwp%2Fv2%2Fcomments&post=437"}],"version-history":[{"count":60,"href":"https:\/\/gabrielasilvapsicologa.com.br\/index.php?rest_route=\/wp\/v2\/pages\/437\/revisions"}],"predecessor-version":[{"id":1138,"href":"https:\/\/gabrielasilvapsicologa.com.br\/index.php?rest_route=\/wp\/v2\/pages\/437\/revisions\/1138"}],"wp:attachment":[{"href":"https:\/\/gabrielasilvapsicologa.com.br\/index.php?rest_route=%2Fwp%2Fv2%2Fmedia&parent=437"}],"curies":[{"name":"wp","href":"https:\/\/api.w.org\/{rel}","templated":true}]}}