{"id":500,"date":"2023-03-20T12:04:32","date_gmt":"2023-03-20T12:04:32","guid":{"rendered":"https:\/\/gabrielasilvapsicologa.com.br\/?page_id=500"},"modified":"2023-03-20T13:45:13","modified_gmt":"2023-03-20T13:45:13","slug":"artigos","status":"publish","type":"page","link":"https:\/\/gabrielasilvapsicologa.com.br\/?page_id=500","title":{"rendered":"Artigos"},"content":{"rendered":"\t\t<div data-elementor-type=\"wp-page\" data-elementor-id=\"500\" class=\"elementor elementor-500\">\n\t\t\t\t\t\t\t\t\t<section class=\"elementor-section elementor-top-section elementor-element elementor-element-f8c6ae2 elementor-section-boxed elementor-section-height-default elementor-section-height-default\" data-id=\"f8c6ae2\" data-element_type=\"section\" data-settings=\"{&quot;background_background&quot;:&quot;classic&quot;}\">\n\t\t\t\t\t\t<div class=\"elementor-container elementor-column-gap-default\">\n\t\t\t\t\t<div class=\"elementor-column elementor-col-100 elementor-top-column elementor-element elementor-element-995a9fd\" data-id=\"995a9fd\" data-element_type=\"column\">\n\t\t\t<div class=\"elementor-widget-wrap elementor-element-populated\">\n\t\t\t\t\t\t\t\t<div class=\"elementor-element elementor-element-9a4ed7f elementor-widget elementor-widget-heading\" data-id=\"9a4ed7f\" data-element_type=\"widget\" data-widget_type=\"heading.default\">\n\t\t\t\t<div class=\"elementor-widget-container\">\n\t\t\t<style>\/*! elementor - v3.12.1 - 02-04-2023 *\/\n.elementor-heading-title{padding:0;margin:0;line-height:1}.elementor-widget-heading .elementor-heading-title[class*=elementor-size-]>a{color:inherit;font-size:inherit;line-height:inherit}.elementor-widget-heading .elementor-heading-title.elementor-size-small{font-size:15px}.elementor-widget-heading .elementor-heading-title.elementor-size-medium{font-size:19px}.elementor-widget-heading .elementor-heading-title.elementor-size-large{font-size:29px}.elementor-widget-heading .elementor-heading-title.elementor-size-xl{font-size:39px}.elementor-widget-heading .elementor-heading-title.elementor-size-xxl{font-size:59px}<\/style><h2 class=\"elementor-heading-title elementor-size-default\">ARTIGOS INFORMATIVOS<\/h2>\t\t<\/div>\n\t\t\t\t<\/div>\n\t\t\t\t<div class=\"elementor-element elementor-element-feb55bf elementor-widget elementor-widget-heading\" data-id=\"feb55bf\" data-element_type=\"widget\" data-widget_type=\"heading.default\">\n\t\t\t\t<div class=\"elementor-widget-container\">\n\t\t\t<h2 class=\"elementor-heading-title elementor-size-default\">Blog <\/h2>\t\t<\/div>\n\t\t\t\t<\/div>\n\t\t\t\t<div class=\"elementor-element elementor-element-659b420 elementor-grid-3 elementor-grid-tablet-2 elementor-grid-mobile-1 elementor-posts--thumbnail-top elementor-posts--show-avatar elementor-card-shadow-yes elementor-posts__hover-gradient load-more-align-center elementor-widget elementor-widget-posts\" data-id=\"659b420\" data-element_type=\"widget\" data-settings=\"{&quot;pagination_type&quot;:&quot;load_more_on_click&quot;,&quot;cards_columns&quot;:&quot;3&quot;,&quot;cards_columns_tablet&quot;:&quot;2&quot;,&quot;cards_columns_mobile&quot;:&quot;1&quot;,&quot;cards_row_gap&quot;:{&quot;unit&quot;:&quot;px&quot;,&quot;size&quot;:35,&quot;sizes&quot;:[]},&quot;cards_row_gap_tablet&quot;:{&quot;unit&quot;:&quot;px&quot;,&quot;size&quot;:&quot;&quot;,&quot;sizes&quot;:[]},&quot;cards_row_gap_mobile&quot;:{&quot;unit&quot;:&quot;px&quot;,&quot;size&quot;:&quot;&quot;,&quot;sizes&quot;:[]},&quot;load_more_spinner&quot;:{&quot;value&quot;:&quot;fas fa-spinner&quot;,&quot;library&quot;:&quot;fa-solid&quot;}}\" data-widget_type=\"posts.cards\">\n\t\t\t\t<div class=\"elementor-widget-container\">\n\t\t\t<link rel=\"stylesheet\" href=\"https:\/\/gabrielasilvapsicologa.com.br\/wp-content\/plugins\/elementor-pro\/assets\/css\/widget-posts.min.css\">\t\t<div class=\"elementor-posts-container elementor-posts elementor-posts--skin-cards elementor-grid\">\n\t\t\t\t<article class=\"elementor-post elementor-grid-item post-944 post type-post status-publish format-standard hentry category-uncategorized tag-compulsao tag-psicologia tag-psicoterapia tag-saudeemocional tag-terapia\">\n\t\t\t<div class=\"elementor-post__card\">\n\t\t\t\t<div class=\"elementor-post__text\">\n\t\t\t\t<h3 class=\"elementor-post__title\">\n\t\t\t<a href=\"https:\/\/gabrielasilvapsicologa.com.br\/?p=944\" >\n\t\t\t\tO que \u00e9 a compuls\u00e3o?\t\t\t<\/a>\n\t\t<\/h3>\n\t\t\t\t<div class=\"elementor-post__excerpt\">\n\t\t\t<p>Falar sobre compuls\u00e3o sempre nos remete a comportamentos repetitivos e impulsivos que, muitas vezes, chegam e tomam conta, nos deixando &#8220;ref\u00e9ns&#8221; de emo\u00e7\u00f5es e a\u00e7\u00f5es que, na maioria das vezes, s\u00e3o muito dif\u00edceis de serem compreendidas. Para entender esses comportamentos,<\/p>\n\t\t<\/div>\n\t\t\n\t\t<a class=\"elementor-post__read-more\" href=\"https:\/\/gabrielasilvapsicologa.com.br\/?p=944\" aria-label=\"Read more about O que \u00e9 a compuls\u00e3o?\" >\n\t\t\tLer Post \u00bb\t\t<\/a>\n\n\t\t\t\t<\/div>\n\t\t\t\t\t<\/div>\n\t\t<\/article>\n\t\t\t\t<article class=\"elementor-post elementor-grid-item post-936 post type-post status-publish format-standard hentry category-uncategorized tag-psicologia tag-psicoterapia tag-saudeemocional tag-solidao tag-terapia\">\n\t\t\t<div class=\"elementor-post__card\">\n\t\t\t\t<div class=\"elementor-post__text\">\n\t\t\t\t<h3 class=\"elementor-post__title\">\n\t\t\t<a href=\"https:\/\/gabrielasilvapsicologa.com.br\/?p=936\" >\n\t\t\t\tVamos falar sobre solid\u00e3o?\t\t\t<\/a>\n\t\t<\/h3>\n\t\t\t\t<div class=\"elementor-post__excerpt\">\n\t\t\t<p>O sentimento de solid\u00e3o \u00e9 algo t\u00e3o comum que faz parte da experi\u00eancia humana. \u00c9 um sentimento quase inevit\u00e1vel, mas ainda assim, por muitas vezes, dif\u00edcil de lidar. Ser\u00e1 que podemos olhar atrav\u00e9s das lentes da psican\u00e1lise e entender mais<\/p>\n\t\t<\/div>\n\t\t\n\t\t<a class=\"elementor-post__read-more\" href=\"https:\/\/gabrielasilvapsicologa.com.br\/?p=936\" aria-label=\"Read more about Vamos falar sobre solid\u00e3o?\" >\n\t\t\tLer Post \u00bb\t\t<\/a>\n\n\t\t\t\t<\/div>\n\t\t\t\t\t<\/div>\n\t\t<\/article>\n\t\t\t\t<article class=\"elementor-post elementor-grid-item post-933 post type-post status-publish format-standard hentry category-uncategorized tag-autocuidado tag-autoestima tag-narcsismo tag-psicologia tag-psicoterapia tag-saudeemocional\">\n\t\t\t<div class=\"elementor-post__card\">\n\t\t\t\t<div class=\"elementor-post__text\">\n\t\t\t\t<h3 class=\"elementor-post__title\">\n\t\t\t<a href=\"https:\/\/gabrielasilvapsicologa.com.br\/?p=933\" >\n\t\t\t\tAutoestima e narcisismo\t\t\t<\/a>\n\t\t<\/h3>\n\t\t\t\t<div class=\"elementor-post__excerpt\">\n\t\t\t<p>Que tal falarmos de autoestima e narcisismo, jogando uma luz psicanal\u00edtica nesses conceitos? A autoestima \u00e9 esse conceito muito complexo que basicamente dita como nos sentimos com rela\u00e7\u00e3o a n\u00f3s mesmos. Quando pensamos na psican\u00e1lise, vemos o quanto a autoestima<\/p>\n\t\t<\/div>\n\t\t\n\t\t<a class=\"elementor-post__read-more\" href=\"https:\/\/gabrielasilvapsicologa.com.br\/?p=933\" aria-label=\"Read more about Autoestima e narcisismo\" >\n\t\t\tLer Post \u00bb\t\t<\/a>\n\n\t\t\t\t<\/div>\n\t\t\t\t\t<\/div>\n\t\t<\/article>\n\t\t\t\t<article class=\"elementor-post elementor-grid-item post-918 post type-post status-publish format-standard hentry category-uncategorized tag-autocuidado tag-ciclos tag-psicologia tag-psicoterapia tag-saudeemocional tag-terapia\">\n\t\t\t<div class=\"elementor-post__card\">\n\t\t\t\t<div class=\"elementor-post__text\">\n\t\t\t\t<h3 class=\"elementor-post__title\">\n\t\t\t<a href=\"https:\/\/gabrielasilvapsicologa.com.br\/?p=918\" >\n\t\t\t\tRepetimos ciclos que n\u00e3o encerramos\t\t\t<\/a>\n\t\t<\/h3>\n\t\t\t\t<div class=\"elementor-post__excerpt\">\n\t\t\t<p>Repetimos ciclos que n\u00e3o encerramos. Voc\u00ea est\u00e1 com o olhar atento para isso? A terapia \u00e9 um processo que nos ajuda a olhar para essas repeti\u00e7\u00f5es porque \u00e9 tamb\u00e9m uma reconstru\u00e7\u00e3o da hist\u00f3ria da pessoa. Nessa reconstru\u00e7\u00e3o, falamos de experi\u00eancias<\/p>\n\t\t<\/div>\n\t\t\n\t\t<a class=\"elementor-post__read-more\" href=\"https:\/\/gabrielasilvapsicologa.com.br\/?p=918\" aria-label=\"Read more about Repetimos ciclos que n\u00e3o encerramos\" >\n\t\t\tLer Post \u00bb\t\t<\/a>\n\n\t\t\t\t<\/div>\n\t\t\t\t\t<\/div>\n\t\t<\/article>\n\t\t\t\t<article class=\"elementor-post elementor-grid-item post-916 post type-post status-publish format-standard hentry category-uncategorized tag-autocuidado tag-psicologia tag-psicoterapia tag-saudeemocional tag-terapia\">\n\t\t\t<div class=\"elementor-post__card\">\n\t\t\t\t<div class=\"elementor-post__text\">\n\t\t\t\t<h3 class=\"elementor-post__title\">\n\t\t\t<a href=\"https:\/\/gabrielasilvapsicologa.com.br\/?p=916\" >\n\t\t\t\tS\u00f3 falar resolve os problemas?\t\t\t<\/a>\n\t\t<\/h3>\n\t\t\t\t<div class=\"elementor-post__excerpt\">\n\t\t\t<p>S\u00f3 falar resolve? Depende. Falar com uma psic\u00f3loga e com um amigo pode ser bastante diferente, porque cada um desempenha pap\u00e9is muito diferentes na vida de uma pessoa. Em um processo terap\u00eautico, atrav\u00e9s da fala, do v\u00ednculo, da escuta e<\/p>\n\t\t<\/div>\n\t\t\n\t\t<a class=\"elementor-post__read-more\" href=\"https:\/\/gabrielasilvapsicologa.com.br\/?p=916\" aria-label=\"Read more about S\u00f3 falar resolve os problemas?\" >\n\t\t\tLer Post \u00bb\t\t<\/a>\n\n\t\t\t\t<\/div>\n\t\t\t\t\t<\/div>\n\t\t<\/article>\n\t\t\t\t<article class=\"elementor-post elementor-grid-item post-914 post type-post status-publish format-standard hentry category-uncategorized tag-psicologia tag-psicoterapia tag-terapia\">\n\t\t\t<div class=\"elementor-post__card\">\n\t\t\t\t<div class=\"elementor-post__text\">\n\t\t\t\t<h3 class=\"elementor-post__title\">\n\t\t\t<a href=\"https:\/\/gabrielasilvapsicologa.com.br\/?p=914\" >\n\t\t\t\tO tratamento psicol\u00f3gico n\u00e3o acaba?\t\t\t<\/a>\n\t\t<\/h3>\n\t\t\t\t<div class=\"elementor-post__excerpt\">\n\t\t\t<p>\u00c9 verdade que o tratamento psicol\u00f3gico n\u00e3o acaba? A verdade \u00e9 que \u00e9 muito dif\u00edcil determinar a dura\u00e7\u00e3o de um tratamento psicol\u00f3gico, pois isso n\u00e3o depende apenas da terapeuta. Existem alguns fatores, pessoais ou n\u00e3o, que influenciam bastante nessa caminhada<\/p>\n\t\t<\/div>\n\t\t\n\t\t<a class=\"elementor-post__read-more\" href=\"https:\/\/gabrielasilvapsicologa.com.br\/?p=914\" aria-label=\"Read more about O tratamento psicol\u00f3gico n\u00e3o acaba?\" >\n\t\t\tLer Post \u00bb\t\t<\/a>\n\n\t\t\t\t<\/div>\n\t\t\t\t\t<\/div>\n\t\t<\/article>\n\t\t\t\t<article class=\"elementor-post elementor-grid-item post-912 post type-post status-publish format-standard hentry category-uncategorized tag-autocuidado tag-positividade-toxica tag-psicologia tag-psicoterapia tag-saudeemocional tag-terapia\">\n\t\t\t<div class=\"elementor-post__card\">\n\t\t\t\t<div class=\"elementor-post__text\">\n\t\t\t\t<h3 class=\"elementor-post__title\">\n\t\t\t<a href=\"https:\/\/gabrielasilvapsicologa.com.br\/?p=912\" >\n\t\t\t\tPositividade t\u00f3xica\t\t\t<\/a>\n\t\t<\/h3>\n\t\t\t\t<div class=\"elementor-post__excerpt\">\n\t\t\t<p>Quando o otimismo vira positividade t\u00f3xica? \ud83e\udd2f Positividade t\u00f3xica \u00e9 a cren\u00e7a de que \u00e9 preciso manter uma mentalidade positiva, independente de qu\u00e3o dif\u00edcil seja a situa\u00e7\u00e3o que a pessoa est\u00e1 vivendo. Pensando em um contexto de vida real, sabemos<\/p>\n\t\t<\/div>\n\t\t\n\t\t<a class=\"elementor-post__read-more\" href=\"https:\/\/gabrielasilvapsicologa.com.br\/?p=912\" aria-label=\"Read more about Positividade t\u00f3xica\" >\n\t\t\tLer Post \u00bb\t\t<\/a>\n\n\t\t\t\t<\/div>\n\t\t\t\t\t<\/div>\n\t\t<\/article>\n\t\t\t\t<article class=\"elementor-post elementor-grid-item post-910 post type-post status-publish format-standard hentry category-uncategorized tag-autocuidado tag-psicologia tag-psicoterapia tag-saudeemocional tag-sentimentos tag-terapia\">\n\t\t\t<div class=\"elementor-post__card\">\n\t\t\t\t<div class=\"elementor-post__text\">\n\t\t\t\t<h3 class=\"elementor-post__title\">\n\t\t\t<a href=\"https:\/\/gabrielasilvapsicologa.com.br\/?p=910\" >\n\t\t\t\tCompartilhe seus sentimentos\t\t\t<\/a>\n\t\t<\/h3>\n\t\t\t\t<div class=\"elementor-post__excerpt\">\n\t\t\t<p>Por que falar sobre os pr\u00f3prios sentimentos \u00e9 t\u00e3o dif\u00edcil para a maioria das pessoas? Expor seus sentimentos \u00e9 revelar uma parte \u00edntima e pessoal de si mesmo, o que inclui suas vulnerabilidades, o que pode sim ser assustador. O<\/p>\n\t\t<\/div>\n\t\t\n\t\t<a class=\"elementor-post__read-more\" href=\"https:\/\/gabrielasilvapsicologa.com.br\/?p=910\" aria-label=\"Read more about Compartilhe seus sentimentos\" >\n\t\t\tLer Post \u00bb\t\t<\/a>\n\n\t\t\t\t<\/div>\n\t\t\t\t\t<\/div>\n\t\t<\/article>\n\t\t\t\t<article class=\"elementor-post elementor-grid-item post-908 post type-post status-publish format-standard hentry category-uncategorized\">\n\t\t\t<div class=\"elementor-post__card\">\n\t\t\t\t<div class=\"elementor-post__text\">\n\t\t\t\t<h3 class=\"elementor-post__title\">\n\t\t\t<a href=\"https:\/\/gabrielasilvapsicologa.com.br\/?p=908\" >\n\t\t\t\tO tempo cura qualquer trauma?\t\t\t<\/a>\n\t\t<\/h3>\n\t\t\t\t<div class=\"elementor-post__excerpt\">\n\t\t\t<p>Ser\u00e1 que o tempo cura qualquer trauma mesmo? A resposta \u00e9 que n\u00e3o! \ud83d\ude35\u200d\ud83d\udcab o tempo por si s\u00f3 n\u00e3o cura nada. Traumas deixam marcas na vida de uma pessoa e essas experi\u00eancias podem continuar a influenciar a vida emocional<\/p>\n\t\t<\/div>\n\t\t\n\t\t<a class=\"elementor-post__read-more\" href=\"https:\/\/gabrielasilvapsicologa.com.br\/?p=908\" aria-label=\"Read more about O tempo cura qualquer trauma?\" >\n\t\t\tLer Post \u00bb\t\t<\/a>\n\n\t\t\t\t<\/div>\n\t\t\t\t\t<\/div>\n\t\t<\/article>\n\t\t\t\t<\/div>\n\t\t\t\t\t<span class=\"e-load-more-spinner\">\n\t\t\t\t<i aria-hidden=\"true\" class=\"fas fa-spinner\"><\/i>\t\t\t<\/span>\n\t\t\n\t\t\t\t<div class=\"e-load-more-anchor\" data-page=\"1\" data-max-page=\"3\" data-next-page=\"https:\/\/gabrielasilvapsicologa.com.br\/index.php?rest_route=%2Fwp%2Fv2%2Fpages%2F500&#038;paged=2\"><\/div>\n\t\t\t\t<div class=\"elementor-button-wrapper\">\n\t\t\t<a href=\"#\" class=\"elementor-button-link elementor-button elementor-animation-grow\" role=\"button\">\n\t\t\t\t\t\t<span class=\"elementor-button-content-wrapper\">\n\t\t\t\t\t\t<span class=\"elementor-button-text\">Carregar Mais<\/span>\n\t\t<\/span>\n\t\t\t\t\t<\/a>\n\t\t<\/div>\n\t\t\t\t<div class=\"e-load-more-message\"><\/div>\n\t\t\t\t<\/div>\n\t\t\t\t<\/div>\n\t\t\t\t\t<\/div>\n\t\t<\/div>\n\t\t\t\t\t\t\t<\/div>\n\t\t<\/section>\n\t\t\t\t\t\t\t<\/div>\n\t\t","protected":false},"excerpt":{"rendered":"<p>ARTIGOS INFORMATIVOS Blog<\/p>\n","protected":false},"author":2,"featured_media":0,"parent":0,"menu_order":0,"comment_status":"closed","ping_status":"closed","template":"","meta":{"footnotes":""},"class_list":["post-500","page","type-page","status-publish","hentry"],"_links":{"self":[{"href":"https:\/\/gabrielasilvapsicologa.com.br\/index.php?rest_route=\/wp\/v2\/pages\/500","targetHints":{"allow":["GET"]}}],"collection":[{"href":"https:\/\/gabrielasilvapsicologa.com.br\/index.php?rest_route=\/wp\/v2\/pages"}],"about":[{"href":"https:\/\/gabrielasilvapsicologa.com.br\/index.php?rest_route=\/wp\/v2\/types\/page"}],"author":[{"embeddable":true,"href":"https:\/\/gabrielasilvapsicologa.com.br\/index.php?rest_route=\/wp\/v2\/users\/2"}],"replies":[{"embeddable":true,"href":"https:\/\/gabrielasilvapsicologa.com.br\/index.php?rest_route=%2Fwp%2Fv2%2Fcomments&post=500"}],"version-history":[{"count":13,"href":"https:\/\/gabrielasilvapsicologa.com.br\/index.php?rest_route=\/wp\/v2\/pages\/500\/revisions"}],"predecessor-version":[{"id":591,"href":"https:\/\/gabrielasilvapsicologa.com.br\/index.php?rest_route=\/wp\/v2\/pages\/500\/revisions\/591"}],"wp:attachment":[{"href":"https:\/\/gabrielasilvapsicologa.com.br\/index.php?rest_route=%2Fwp%2Fv2%2Fmedia&parent=500"}],"curies":[{"name":"wp","href":"https:\/\/api.w.org\/{rel}","templated":true}]}}